{"id":106,"date":"2014-05-12T19:56:33","date_gmt":"2014-05-12T17:56:33","guid":{"rendered":"http:\/\/kreatorzysmaku.home.pl\/kreatorzysmaku\/?page_id=106"},"modified":"2026-03-06T09:08:46","modified_gmt":"2026-03-06T08:08:46","slug":"bistro-kreatorzy-smaku","status":"publish","type":"page","link":"http:\/\/www.kreatorzysmaku.pl\/kreatorzysmaku\/nasze-bistra\/bistro-kreatorzy-smaku\/","title":{"rendered":"Bistro \u201eKreatorzy Smaku\u201d"},"content":{"rendered":"<h2 style=\"line-height: normal;\">Wszystkich mi\u0142o\u015bnik\u00f3w smacznej, domowej kuchni zapraszamy do Bistro \u201eKreatorzy Smaku\u201d<\/h2>\n<p>Lokal usytuowany jest w Warszawie przy ulicy Czerwonych Beret\u00f3w 7 i oferuje swoim go\u015bciom rodzinn\u0105 atmosfer\u0119 w kameralnym otoczeniu wraz z ogr\u00f3dkiem i placem zabaw dla dzieci.<\/p>\n<blockquote class=\"center\">\r\n\r\nTo co nas wyr\u00f3\u017cnia to codziennie nowe menu, kt\u00f3re jest przygotowane z wyselekcjonowanych, zawsze \u015bwie\u017cych produkt\u00f3w z my\u015bl\u0105 o najbardziej wymagaj\u0105cym kliencie.\r\n\r\n<\/blockquote>\n<p>Znajd\u0105 Pa\u0144stwo u nas zar\u00f3wno dania tradycyjne, wyroby garma\u017ceryjne &#8211; w\u0142asnor\u0119cznie robione, potrawy wegetaria\u0144skie jaki i dania dla dzieci. Podawane porcje s\u0105 du\u017ce, a ceny na ka\u017cd\u0105 kiesze\u0144.<\/p>\n<p>Na os\u0142od\u0119 dnia proponujemy Pa\u0144stwu szerok\u0105 gam\u0119 deser\u00f3w oraz koktajli.<\/p>\n<p>Wszystkie posi\u0142ki serwowane w naszym bistro mo\u017cna zakupi\u0107 na wynos lub zam\u00f3wi\u0107 z dowozem w godzinach 10:00 &#8211; 15:00.<\/p>\n<h3><span class=\"s2\">Przy zam\u00f3wieniach powy\u017cej 40 z\u0142 dostawa gratis, przy zam\u00f3wieniach poni\u017cej 40 z\u0142 <\/span><span class=\"s2\">doliczymy <\/span><span class=\"s2\">10 z\u0142 <\/span><span class=\"s2\">koszt\u00f3w dostawy<\/span><span class=\"s2\">.\u00a0<\/span><span class=\"s2\">Do posi\u0142k\u00f3w doliczamy <\/span><span class=\"s2\">cen\u0119<\/span><span class=\"s2\"> opakowania (zupa\/ II danie &#8211; 1,50 z\u0142).<\/span><\/h3>\n","protected":false},"excerpt":{"rendered":"<p>Wszystkich mi\u0142o\u015bnik\u00f3w smacznej, domowej kuchni zapraszamy do Bistro \u201eKreatorzy Smaku\u201d Lokal usytuowany jest w Warszawie przy ulicy Czerwonych Beret\u00f3w 7 i oferuje swoim go\u015bciom rodzinn\u0105 atmosfer\u0119 w kameralnym otoczeniu wraz z ogr\u00f3dkiem i placem zabaw dla dzieci. Znajd\u0105 Pa\u0144stwo u nas zar\u00f3wno dania tradycyjne, wyroby garma\u017ceryjne &#8211; w\u0142asnor\u0119cznie robione, potrawy wegetaria\u0144skie jaki i dania dla dzieci. Podawane porcje s\u0105 du\u017ce, a ceny na ka\u017cd\u0105 kiesze\u0144. Na os\u0142od\u0119 dnia proponujemy Pa\u0144stwu szerok\u0105 gam\u0119 deser\u00f3w oraz koktajli. Wszystkie posi\u0142ki serwowane w naszym bistro mo\u017cna zakupi\u0107 na wynos lub zam\u00f3wi\u0107 z dowozem w godzinach 10:00 &#8211; 15:00. Przy zam\u00f3wieniach powy\u017cej 40 z\u0142 dostawa gratis, przy zam\u00f3wieniach poni\u017cej 40 z\u0142 doliczymy 10 z\u0142 koszt\u00f3w dostawy.\u00a0Do posi\u0142k\u00f3w doliczamy cen\u0119 opakowania (zupa\/ II danie &#8211; 1,50 z\u0142).<\/p>\n","protected":false},"author":1,"featured_media":20978,"parent":10,"menu_order":1,"comment_status":"closed","ping_status":"closed","template":"","meta":[],"yoast_head":"<!-- This site is optimized with the Yoast SEO plugin v19.4 - https:\/\/yoast.com\/wordpress\/plugins\/seo\/ -->\n<title>Bistro \u201eKreatorzy Smaku\u201d<\/title>\n<meta name=\"description\" content=\"Bistro usytuowane w Warszawie przy ulicy Czerwonych Beret\u00f3w 7 oferuje rodzinn\u0105 atmosfer\u0119 w kameralnym otoczeniu wraz z ogr\u00f3dkiem i placem zabaw dla dzieci.\" \/>\n<meta name=\"robots\" content=\"index, follow, max-snippet:-1, max-image-preview:large, max-video-preview:-1\" \/>\n<link rel=\"canonical\" href=\"https:\/\/www.kreatorzysmaku.pl\/kreatorzysmaku\/nasze-bistra\/bistro-kreatorzy-smaku\/\" \/>\n<meta property=\"og:locale\" content=\"pl_PL\" \/>\n<meta property=\"og:type\" content=\"article\" \/>\n<meta property=\"og:title\" content=\"Bistro \u201eKreatorzy Smaku\u201d\" \/>\n<meta property=\"og:description\" content=\"Bistro usytuowane w Warszawie przy ulicy Czerwonych Beret\u00f3w 7 oferuje rodzinn\u0105 atmosfer\u0119 w kameralnym otoczeniu wraz z ogr\u00f3dkiem i placem zabaw dla dzieci.\" \/>\n<meta property=\"og:url\" content=\"https:\/\/www.kreatorzysmaku.pl\/kreatorzysmaku\/nasze-bistra\/bistro-kreatorzy-smaku\/\" \/>\n<meta property=\"og:site_name\" content=\"Kreatorzy Smaku\" \/>\n<meta property=\"article:publisher\" content=\"http:\/\/pl-pl.facebook.com\/pages\/Kreatorzy-Smaku\/144377842304668\" \/>\n<meta property=\"article:modified_time\" content=\"2026-03-06T08:08:46+00:00\" \/>\n<meta property=\"og:image\" content=\"https:\/\/www.kreatorzysmaku.pl\/wp-content\/uploads\/2022\/07\/Kreatorzy-Smaku-bistro-po-remoncie-03.jpg\" \/>\n\t<meta property=\"og:image:width\" content=\"2000\" \/>\n\t<meta property=\"og:image:height\" content=\"2000\" \/>\n\t<meta property=\"og:image:type\" content=\"image\/jpeg\" \/>\n<meta name=\"twitter:card\" content=\"summary_large_image\" \/>\n<meta name=\"twitter:site\" content=\"@KreatorzySmaku\" \/>\n<meta name=\"twitter:label1\" content=\"Szacowany czas czytania\" \/>\n\t<meta name=\"twitter:data1\" content=\"1 minuta\" \/>\n<script type=\"application\/ld+json\" class=\"yoast-schema-graph\">{\"@context\":\"https:\/\/schema.org\",\"@graph\":[{\"@type\":\"WebSite\",\"@id\":\"http:\/\/www.kreatorzysmaku.pl\/kreatorzysmaku\/#website\",\"url\":\"http:\/\/www.kreatorzysmaku.pl\/kreatorzysmaku\/\",\"name\":\"Kreatorzy Smaku\",\"description\":\"Kreatorzy Smaku to szeroko poj\u0119ty catering, kt\u00f3ry wykreuje dla Pa\u0144stwa niepowtarzalne menu na ka\u017cd\u0105 okazj\u0119\",\"potentialAction\":[{\"@type\":\"SearchAction\",\"target\":{\"@type\":\"EntryPoint\",\"urlTemplate\":\"http:\/\/www.kreatorzysmaku.pl\/kreatorzysmaku\/?s={search_term_string}\"},\"query-input\":\"required name=search_term_string\"}],\"inLanguage\":\"pl-PL\"},{\"@type\":\"WebPage\",\"@id\":\"https:\/\/www.kreatorzysmaku.pl\/kreatorzysmaku\/nasze-bistra\/bistro-kreatorzy-smaku\/\",\"url\":\"https:\/\/www.kreatorzysmaku.pl\/kreatorzysmaku\/nasze-bistra\/bistro-kreatorzy-smaku\/\",\"name\":\"Bistro \u201eKreatorzy Smaku\u201d\",\"isPartOf\":{\"@id\":\"http:\/\/www.kreatorzysmaku.pl\/kreatorzysmaku\/#website\"},\"datePublished\":\"2014-05-12T17:56:33+00:00\",\"dateModified\":\"2026-03-06T08:08:46+00:00\",\"description\":\"Bistro usytuowane w Warszawie przy ulicy Czerwonych Beret\u00f3w 7 oferuje rodzinn\u0105 atmosfer\u0119 w kameralnym otoczeniu wraz z ogr\u00f3dkiem i placem zabaw dla dzieci.\",\"breadcrumb\":{\"@id\":\"https:\/\/www.kreatorzysmaku.pl\/kreatorzysmaku\/nasze-bistra\/bistro-kreatorzy-smaku\/#breadcrumb\"},\"inLanguage\":\"pl-PL\",\"potentialAction\":[{\"@type\":\"ReadAction\",\"target\":[\"https:\/\/www.kreatorzysmaku.pl\/kreatorzysmaku\/nasze-bistra\/bistro-kreatorzy-smaku\/\"]}]},{\"@type\":\"BreadcrumbList\",\"@id\":\"https:\/\/www.kreatorzysmaku.pl\/kreatorzysmaku\/nasze-bistra\/bistro-kreatorzy-smaku\/#breadcrumb\",\"itemListElement\":[{\"@type\":\"ListItem\",\"position\":1,\"name\":\"Strona g\u0142\u00f3wna\",\"item\":\"http:\/\/www.kreatorzysmaku.pl\/kreatorzysmaku\/\"},{\"@type\":\"ListItem\",\"position\":2,\"name\":\"Nasze bistra\",\"item\":\"https:\/\/www.kreatorzysmaku.pl\/kreatorzysmaku\/nasze-bistra\/\"},{\"@type\":\"ListItem\",\"position\":3,\"name\":\"Bistro \u201eKreatorzy Smaku\u201d\"}]}]}<\/script>\n<!-- \/ Yoast SEO plugin. -->","yoast_head_json":{"title":"Bistro \u201eKreatorzy Smaku\u201d","description":"Bistro usytuowane w Warszawie przy ulicy Czerwonych Beret\u00f3w 7 oferuje rodzinn\u0105 atmosfer\u0119 w kameralnym otoczeniu wraz z ogr\u00f3dkiem i placem zabaw dla dzieci.","robots":{"index":"index","follow":"follow","max-snippet":"max-snippet:-1","max-image-preview":"max-image-preview:large","max-video-preview":"max-video-preview:-1"},"canonical":"https:\/\/www.kreatorzysmaku.pl\/kreatorzysmaku\/nasze-bistra\/bistro-kreatorzy-smaku\/","og_locale":"pl_PL","og_type":"article","og_title":"Bistro \u201eKreatorzy Smaku\u201d","og_description":"Bistro usytuowane w Warszawie przy ulicy Czerwonych Beret\u00f3w 7 oferuje rodzinn\u0105 atmosfer\u0119 w kameralnym otoczeniu wraz z ogr\u00f3dkiem i placem zabaw dla dzieci.","og_url":"https:\/\/www.kreatorzysmaku.pl\/kreatorzysmaku\/nasze-bistra\/bistro-kreatorzy-smaku\/","og_site_name":"Kreatorzy Smaku","article_publisher":"http:\/\/pl-pl.facebook.com\/pages\/Kreatorzy-Smaku\/144377842304668","article_modified_time":"2026-03-06T08:08:46+00:00","og_image":[{"width":2000,"height":2000,"url":"https:\/\/www.kreatorzysmaku.pl\/wp-content\/uploads\/2022\/07\/Kreatorzy-Smaku-bistro-po-remoncie-03.jpg","type":"image\/jpeg"}],"twitter_card":"summary_large_image","twitter_site":"@KreatorzySmaku","twitter_misc":{"Szacowany czas czytania":"1 minuta"},"schema":{"@context":"https:\/\/schema.org","@graph":[{"@type":"WebSite","@id":"http:\/\/www.kreatorzysmaku.pl\/kreatorzysmaku\/#website","url":"http:\/\/www.kreatorzysmaku.pl\/kreatorzysmaku\/","name":"Kreatorzy Smaku","description":"Kreatorzy Smaku to szeroko poj\u0119ty catering, kt\u00f3ry wykreuje dla Pa\u0144stwa niepowtarzalne menu na ka\u017cd\u0105 okazj\u0119","potentialAction":[{"@type":"SearchAction","target":{"@type":"EntryPoint","urlTemplate":"http:\/\/www.kreatorzysmaku.pl\/kreatorzysmaku\/?s={search_term_string}"},"query-input":"required name=search_term_string"}],"inLanguage":"pl-PL"},{"@type":"WebPage","@id":"https:\/\/www.kreatorzysmaku.pl\/kreatorzysmaku\/nasze-bistra\/bistro-kreatorzy-smaku\/","url":"https:\/\/www.kreatorzysmaku.pl\/kreatorzysmaku\/nasze-bistra\/bistro-kreatorzy-smaku\/","name":"Bistro \u201eKreatorzy Smaku\u201d","isPartOf":{"@id":"http:\/\/www.kreatorzysmaku.pl\/kreatorzysmaku\/#website"},"datePublished":"2014-05-12T17:56:33+00:00","dateModified":"2026-03-06T08:08:46+00:00","description":"Bistro usytuowane w Warszawie przy ulicy Czerwonych Beret\u00f3w 7 oferuje rodzinn\u0105 atmosfer\u0119 w kameralnym otoczeniu wraz z ogr\u00f3dkiem i placem zabaw dla dzieci.","breadcrumb":{"@id":"https:\/\/www.kreatorzysmaku.pl\/kreatorzysmaku\/nasze-bistra\/bistro-kreatorzy-smaku\/#breadcrumb"},"inLanguage":"pl-PL","potentialAction":[{"@type":"ReadAction","target":["https:\/\/www.kreatorzysmaku.pl\/kreatorzysmaku\/nasze-bistra\/bistro-kreatorzy-smaku\/"]}]},{"@type":"BreadcrumbList","@id":"https:\/\/www.kreatorzysmaku.pl\/kreatorzysmaku\/nasze-bistra\/bistro-kreatorzy-smaku\/#breadcrumb","itemListElement":[{"@type":"ListItem","position":1,"name":"Strona g\u0142\u00f3wna","item":"http:\/\/www.kreatorzysmaku.pl\/kreatorzysmaku\/"},{"@type":"ListItem","position":2,"name":"Nasze bistra","item":"https:\/\/www.kreatorzysmaku.pl\/kreatorzysmaku\/nasze-bistra\/"},{"@type":"ListItem","position":3,"name":"Bistro \u201eKreatorzy Smaku\u201d"}]}]}},"_links":{"self":[{"href":"http:\/\/www.kreatorzysmaku.pl\/kreatorzysmaku\/wp-json\/wp\/v2\/pages\/106"}],"collection":[{"href":"http:\/\/www.kreatorzysmaku.pl\/kreatorzysmaku\/wp-json\/wp\/v2\/pages"}],"about":[{"href":"http:\/\/www.kreatorzysmaku.pl\/kreatorzysmaku\/wp-json\/wp\/v2\/types\/page"}],"author":[{"embeddable":true,"href":"http:\/\/www.kreatorzysmaku.pl\/kreatorzysmaku\/wp-json\/wp\/v2\/users\/1"}],"replies":[{"embeddable":true,"href":"http:\/\/www.kreatorzysmaku.pl\/kreatorzysmaku\/wp-json\/wp\/v2\/comments?post=106"}],"version-history":[{"count":74,"href":"http:\/\/www.kreatorzysmaku.pl\/kreatorzysmaku\/wp-json\/wp\/v2\/pages\/106\/revisions"}],"predecessor-version":[{"id":25037,"href":"http:\/\/www.kreatorzysmaku.pl\/kreatorzysmaku\/wp-json\/wp\/v2\/pages\/106\/revisions\/25037"}],"up":[{"embeddable":true,"href":"http:\/\/www.kreatorzysmaku.pl\/kreatorzysmaku\/wp-json\/wp\/v2\/pages\/10"}],"wp:featuredmedia":[{"embeddable":true,"href":"http:\/\/www.kreatorzysmaku.pl\/kreatorzysmaku\/wp-json\/wp\/v2\/media\/20978"}],"wp:attachment":[{"href":"http:\/\/www.kreatorzysmaku.pl\/kreatorzysmaku\/wp-json\/wp\/v2\/media?parent=106"}],"curies":[{"name":"wp","href":"https:\/\/api.w.org\/{rel}","templated":true}]}}