{"id":14,"date":"2014-05-12T11:58:54","date_gmt":"2014-05-12T09:58:54","guid":{"rendered":"http:\/\/kreatorzysmaku.home.pl\/kreatorzysmaku\/?page_id=14"},"modified":"2024-02-19T22:39:18","modified_gmt":"2024-02-19T21:39:18","slug":"kreatorzy-smaku-kontakt","status":"publish","type":"page","link":"http:\/\/www.kreatorzysmaku.pl\/kreatorzysmaku\/kreatorzy-smaku-kontakt\/","title":{"rendered":"Kreatorzy Smaku \u2013 kontakt"},"content":{"rendered":"<div style=\"float: left;\"><img loading=\"lazy\" class=\"alignleft\" src=\"http:\/\/www.kreatorzysmaku.home.pl\/kreatorzysmaku\/wp-content\/uploads\/2014\/05\/phone-2.png\" alt=\"\" width=\"198\" height=\"126\" \/><\/div>\n<div style=\"float: left; margin-left: 20px;\">\n<address>Kreatorzy Smaku kontakt \u2013 zadzwo\u0144<\/address>\n<address>tel. +48 22\u00a0253 68 70 \u00a0<\/address>\n<address>tel. +48 503 693 847 Agnieszka Bia\u0142ek \u2013 manager<\/address>\n<p>lub wy\u015blij do nas e-mail biuro@kreatorzysmaku.pl<\/p>\n<\/div>\n","protected":false},"excerpt":{"rendered":"<p>Kreatorzy Smaku kontakt \u2013 zadzwo\u0144 tel. +48 22\u00a0253 68 70 \u00a0 tel. +48 503 693 847 Agnieszka Bia\u0142ek \u2013 manager lub wy\u015blij do nas e-mail biuro@kreatorzysmaku.pl<\/p>\n","protected":false},"author":1,"featured_media":0,"parent":0,"menu_order":7,"comment_status":"closed","ping_status":"closed","template":"","meta":[],"yoast_head":"<!-- This site is optimized with the Yoast SEO plugin v19.4 - https:\/\/yoast.com\/wordpress\/plugins\/seo\/ -->\n<title>Kreatorzy Smaku kontakt \u2013\u00a0catering dla firm, organizacja imprez<\/title>\n<meta name=\"robots\" content=\"index, follow, max-snippet:-1, max-image-preview:large, max-video-preview:-1\" \/>\n<link rel=\"canonical\" href=\"http:\/\/www.kreatorzysmaku.pl\/kreatorzysmaku\/kreatorzy-smaku-kontakt\/\" \/>\n<meta property=\"og:locale\" content=\"pl_PL\" \/>\n<meta property=\"og:type\" content=\"article\" \/>\n<meta property=\"og:title\" content=\"Kreatorzy Smaku kontakt \u2013\u00a0catering dla firm, organizacja imprez\" \/>\n<meta property=\"og:description\" content=\"Kreatorzy Smaku kontakt \u2013 zadzwo\u0144 tel. +48 22\u00a0253 68 70 \u00a0 tel. +48 503 693 847 Agnieszka Bia\u0142ek \u2013 manager lub wy\u015blij do nas e-mail biuro@kreatorzysmaku.pl\" \/>\n<meta property=\"og:url\" content=\"http:\/\/www.kreatorzysmaku.pl\/kreatorzysmaku\/kreatorzy-smaku-kontakt\/\" \/>\n<meta property=\"og:site_name\" content=\"Kreatorzy Smaku\" \/>\n<meta property=\"article:publisher\" content=\"http:\/\/pl-pl.facebook.com\/pages\/Kreatorzy-Smaku\/144377842304668\" \/>\n<meta property=\"article:modified_time\" content=\"2024-02-19T21:39:18+00:00\" \/>\n<meta property=\"og:image\" content=\"http:\/\/www.kreatorzysmaku.home.pl\/kreatorzysmaku\/wp-content\/uploads\/2014\/05\/phone-2.png\" \/>\n<meta name=\"twitter:card\" content=\"summary_large_image\" \/>\n<meta name=\"twitter:site\" content=\"@KreatorzySmaku\" \/>\n<meta name=\"twitter:label1\" content=\"Szacowany czas czytania\" \/>\n\t<meta name=\"twitter:data1\" content=\"1 minuta\" \/>\n<script type=\"application\/ld+json\" class=\"yoast-schema-graph\">{\"@context\":\"https:\/\/schema.org\",\"@graph\":[{\"@type\":\"WebSite\",\"@id\":\"http:\/\/www.kreatorzysmaku.pl\/kreatorzysmaku\/#website\",\"url\":\"http:\/\/www.kreatorzysmaku.pl\/kreatorzysmaku\/\",\"name\":\"Kreatorzy Smaku\",\"description\":\"Kreatorzy Smaku to szeroko poj\u0119ty catering, kt\u00f3ry wykreuje dla Pa\u0144stwa niepowtarzalne menu na ka\u017cd\u0105 okazj\u0119\",\"potentialAction\":[{\"@type\":\"SearchAction\",\"target\":{\"@type\":\"EntryPoint\",\"urlTemplate\":\"http:\/\/www.kreatorzysmaku.pl\/kreatorzysmaku\/?s={search_term_string}\"},\"query-input\":\"required name=search_term_string\"}],\"inLanguage\":\"pl-PL\"},{\"@type\":\"WebPage\",\"@id\":\"http:\/\/www.kreatorzysmaku.pl\/kreatorzysmaku\/kreatorzy-smaku-kontakt\/\",\"url\":\"http:\/\/www.kreatorzysmaku.pl\/kreatorzysmaku\/kreatorzy-smaku-kontakt\/\",\"name\":\"Kreatorzy Smaku kontakt \u2013\u00a0catering dla firm, organizacja imprez\",\"isPartOf\":{\"@id\":\"http:\/\/www.kreatorzysmaku.pl\/kreatorzysmaku\/#website\"},\"datePublished\":\"2014-05-12T09:58:54+00:00\",\"dateModified\":\"2024-02-19T21:39:18+00:00\",\"breadcrumb\":{\"@id\":\"http:\/\/www.kreatorzysmaku.pl\/kreatorzysmaku\/kreatorzy-smaku-kontakt\/#breadcrumb\"},\"inLanguage\":\"pl-PL\",\"potentialAction\":[{\"@type\":\"ReadAction\",\"target\":[\"http:\/\/www.kreatorzysmaku.pl\/kreatorzysmaku\/kreatorzy-smaku-kontakt\/\"]}]},{\"@type\":\"BreadcrumbList\",\"@id\":\"http:\/\/www.kreatorzysmaku.pl\/kreatorzysmaku\/kreatorzy-smaku-kontakt\/#breadcrumb\",\"itemListElement\":[{\"@type\":\"ListItem\",\"position\":1,\"name\":\"Strona g\u0142\u00f3wna\",\"item\":\"http:\/\/www.kreatorzysmaku.pl\/kreatorzysmaku\/\"},{\"@type\":\"ListItem\",\"position\":2,\"name\":\"Kreatorzy Smaku \u2013 kontakt\"}]}]}<\/script>\n<!-- \/ Yoast SEO plugin. -->","yoast_head_json":{"title":"Kreatorzy Smaku kontakt \u2013\u00a0catering dla firm, organizacja imprez","robots":{"index":"index","follow":"follow","max-snippet":"max-snippet:-1","max-image-preview":"max-image-preview:large","max-video-preview":"max-video-preview:-1"},"canonical":"http:\/\/www.kreatorzysmaku.pl\/kreatorzysmaku\/kreatorzy-smaku-kontakt\/","og_locale":"pl_PL","og_type":"article","og_title":"Kreatorzy Smaku kontakt \u2013\u00a0catering dla firm, organizacja imprez","og_description":"Kreatorzy Smaku kontakt \u2013 zadzwo\u0144 tel. +48 22\u00a0253 68 70 \u00a0 tel. +48 503 693 847 Agnieszka Bia\u0142ek \u2013 manager lub wy\u015blij do nas e-mail biuro@kreatorzysmaku.pl","og_url":"http:\/\/www.kreatorzysmaku.pl\/kreatorzysmaku\/kreatorzy-smaku-kontakt\/","og_site_name":"Kreatorzy Smaku","article_publisher":"http:\/\/pl-pl.facebook.com\/pages\/Kreatorzy-Smaku\/144377842304668","article_modified_time":"2024-02-19T21:39:18+00:00","og_image":[{"url":"http:\/\/www.kreatorzysmaku.home.pl\/kreatorzysmaku\/wp-content\/uploads\/2014\/05\/phone-2.png"}],"twitter_card":"summary_large_image","twitter_site":"@KreatorzySmaku","twitter_misc":{"Szacowany czas czytania":"1 minuta"},"schema":{"@context":"https:\/\/schema.org","@graph":[{"@type":"WebSite","@id":"http:\/\/www.kreatorzysmaku.pl\/kreatorzysmaku\/#website","url":"http:\/\/www.kreatorzysmaku.pl\/kreatorzysmaku\/","name":"Kreatorzy Smaku","description":"Kreatorzy Smaku to szeroko poj\u0119ty catering, kt\u00f3ry wykreuje dla Pa\u0144stwa niepowtarzalne menu na ka\u017cd\u0105 okazj\u0119","potentialAction":[{"@type":"SearchAction","target":{"@type":"EntryPoint","urlTemplate":"http:\/\/www.kreatorzysmaku.pl\/kreatorzysmaku\/?s={search_term_string}"},"query-input":"required name=search_term_string"}],"inLanguage":"pl-PL"},{"@type":"WebPage","@id":"http:\/\/www.kreatorzysmaku.pl\/kreatorzysmaku\/kreatorzy-smaku-kontakt\/","url":"http:\/\/www.kreatorzysmaku.pl\/kreatorzysmaku\/kreatorzy-smaku-kontakt\/","name":"Kreatorzy Smaku kontakt \u2013\u00a0catering dla firm, organizacja imprez","isPartOf":{"@id":"http:\/\/www.kreatorzysmaku.pl\/kreatorzysmaku\/#website"},"datePublished":"2014-05-12T09:58:54+00:00","dateModified":"2024-02-19T21:39:18+00:00","breadcrumb":{"@id":"http:\/\/www.kreatorzysmaku.pl\/kreatorzysmaku\/kreatorzy-smaku-kontakt\/#breadcrumb"},"inLanguage":"pl-PL","potentialAction":[{"@type":"ReadAction","target":["http:\/\/www.kreatorzysmaku.pl\/kreatorzysmaku\/kreatorzy-smaku-kontakt\/"]}]},{"@type":"BreadcrumbList","@id":"http:\/\/www.kreatorzysmaku.pl\/kreatorzysmaku\/kreatorzy-smaku-kontakt\/#breadcrumb","itemListElement":[{"@type":"ListItem","position":1,"name":"Strona g\u0142\u00f3wna","item":"http:\/\/www.kreatorzysmaku.pl\/kreatorzysmaku\/"},{"@type":"ListItem","position":2,"name":"Kreatorzy Smaku \u2013 kontakt"}]}]}},"_links":{"self":[{"href":"http:\/\/www.kreatorzysmaku.pl\/kreatorzysmaku\/wp-json\/wp\/v2\/pages\/14"}],"collection":[{"href":"http:\/\/www.kreatorzysmaku.pl\/kreatorzysmaku\/wp-json\/wp\/v2\/pages"}],"about":[{"href":"http:\/\/www.kreatorzysmaku.pl\/kreatorzysmaku\/wp-json\/wp\/v2\/types\/page"}],"author":[{"embeddable":true,"href":"http:\/\/www.kreatorzysmaku.pl\/kreatorzysmaku\/wp-json\/wp\/v2\/users\/1"}],"replies":[{"embeddable":true,"href":"http:\/\/www.kreatorzysmaku.pl\/kreatorzysmaku\/wp-json\/wp\/v2\/comments?post=14"}],"version-history":[{"count":50,"href":"http:\/\/www.kreatorzysmaku.pl\/kreatorzysmaku\/wp-json\/wp\/v2\/pages\/14\/revisions"}],"predecessor-version":[{"id":21631,"href":"http:\/\/www.kreatorzysmaku.pl\/kreatorzysmaku\/wp-json\/wp\/v2\/pages\/14\/revisions\/21631"}],"wp:attachment":[{"href":"http:\/\/www.kreatorzysmaku.pl\/kreatorzysmaku\/wp-json\/wp\/v2\/media?parent=14"}],"curies":[{"name":"wp","href":"https:\/\/api.w.org\/{rel}","templated":true}]}}