{"id":16323,"date":"2019-06-10T16:36:02","date_gmt":"2019-06-10T14:36:02","guid":{"rendered":"http:\/\/www.kreatorzysmaku.pl\/?page_id=16323"},"modified":"2019-06-10T16:36:23","modified_gmt":"2019-06-10T14:36:23","slug":"piknik-grillowy-w-mercedes-benz-warszawa","status":"publish","type":"page","link":"http:\/\/www.kreatorzysmaku.pl\/kreatorzysmaku\/piknik-grillowy-w-mercedes-benz-warszawa\/","title":{"rendered":"Piknik grillowy w Mercedes Benz Warszawa"},"content":{"rendered":"<h2>Za nami pracowity weekend. Sezon imprez grillowych rozpocz\u0119ty na dobre.<\/h2>\n<p>Tym razem w Mercedes Benz Warszawa przygotowali\u015bmy piknik grillowy. Opr\u00f3cz tradycyjnych bufet\u00f3w by\u0142 prawdziwy grill w\u0119glowy.<\/p>\n","protected":false},"excerpt":{"rendered":"<p>Za nami pracowity weekend. Sezon imprez grillowych rozpocz\u0119ty na dobre. Tym razem w Mercedes Benz Warszawa przygotowali\u015bmy piknik grillowy. Opr\u00f3cz tradycyjnych bufet\u00f3w by\u0142 prawdziwy grill w\u0119glowy.<\/p>\n","protected":false},"author":1,"featured_media":16313,"parent":0,"menu_order":0,"comment_status":"closed","ping_status":"closed","template":"","meta":[],"yoast_head":"<!-- This site is optimized with the Yoast SEO plugin v19.4 - https:\/\/yoast.com\/wordpress\/plugins\/seo\/ -->\n<title>Piknik grillowy w Mercedes Benz Warszawa - Kreatorzy Smaku<\/title>\n<meta name=\"robots\" content=\"index, follow, max-snippet:-1, max-image-preview:large, max-video-preview:-1\" \/>\n<link rel=\"canonical\" href=\"http:\/\/www.kreatorzysmaku.pl\/kreatorzysmaku\/piknik-grillowy-w-mercedes-benz-warszawa\/\" \/>\n<meta property=\"og:locale\" content=\"pl_PL\" \/>\n<meta property=\"og:type\" content=\"article\" \/>\n<meta property=\"og:title\" content=\"Piknik grillowy w Mercedes Benz Warszawa - Kreatorzy Smaku\" \/>\n<meta property=\"og:description\" content=\"Za nami pracowity weekend. Sezon imprez grillowych rozpocz\u0119ty na dobre. Tym razem w Mercedes Benz Warszawa przygotowali\u015bmy piknik grillowy. Opr\u00f3cz tradycyjnych bufet\u00f3w by\u0142 prawdziwy grill w\u0119glowy.\" \/>\n<meta property=\"og:url\" content=\"http:\/\/www.kreatorzysmaku.pl\/kreatorzysmaku\/piknik-grillowy-w-mercedes-benz-warszawa\/\" \/>\n<meta property=\"og:site_name\" content=\"Kreatorzy Smaku\" \/>\n<meta property=\"article:publisher\" content=\"http:\/\/pl-pl.facebook.com\/pages\/Kreatorzy-Smaku\/144377842304668\" \/>\n<meta property=\"article:modified_time\" content=\"2019-06-10T14:36:23+00:00\" \/>\n<meta property=\"og:image\" content=\"http:\/\/www.kreatorzysmaku.pl\/wp-content\/uploads\/2019\/06\/kreatorzy-smaku-catering-mercedes-benz-warszawa-4.jpg\" \/>\n\t<meta property=\"og:image:width\" content=\"2048\" \/>\n\t<meta property=\"og:image:height\" content=\"1367\" \/>\n\t<meta property=\"og:image:type\" content=\"image\/jpeg\" \/>\n<meta name=\"twitter:card\" content=\"summary_large_image\" \/>\n<meta name=\"twitter:site\" content=\"@KreatorzySmaku\" \/>\n<script type=\"application\/ld+json\" class=\"yoast-schema-graph\">{\"@context\":\"https:\/\/schema.org\",\"@graph\":[{\"@type\":\"WebSite\",\"@id\":\"http:\/\/www.kreatorzysmaku.pl\/kreatorzysmaku\/#website\",\"url\":\"http:\/\/www.kreatorzysmaku.pl\/kreatorzysmaku\/\",\"name\":\"Kreatorzy Smaku\",\"description\":\"Kreatorzy Smaku to szeroko poj\u0119ty catering, kt\u00f3ry wykreuje dla Pa\u0144stwa niepowtarzalne menu na ka\u017cd\u0105 okazj\u0119\",\"potentialAction\":[{\"@type\":\"SearchAction\",\"target\":{\"@type\":\"EntryPoint\",\"urlTemplate\":\"http:\/\/www.kreatorzysmaku.pl\/kreatorzysmaku\/?s={search_term_string}\"},\"query-input\":\"required name=search_term_string\"}],\"inLanguage\":\"pl-PL\"},{\"@type\":\"WebPage\",\"@id\":\"http:\/\/www.kreatorzysmaku.pl\/kreatorzysmaku\/piknik-grillowy-w-mercedes-benz-warszawa\/\",\"url\":\"http:\/\/www.kreatorzysmaku.pl\/kreatorzysmaku\/piknik-grillowy-w-mercedes-benz-warszawa\/\",\"name\":\"Piknik grillowy w Mercedes Benz Warszawa - Kreatorzy Smaku\",\"isPartOf\":{\"@id\":\"http:\/\/www.kreatorzysmaku.pl\/kreatorzysmaku\/#website\"},\"datePublished\":\"2019-06-10T14:36:02+00:00\",\"dateModified\":\"2019-06-10T14:36:23+00:00\",\"breadcrumb\":{\"@id\":\"http:\/\/www.kreatorzysmaku.pl\/kreatorzysmaku\/piknik-grillowy-w-mercedes-benz-warszawa\/#breadcrumb\"},\"inLanguage\":\"pl-PL\",\"potentialAction\":[{\"@type\":\"ReadAction\",\"target\":[\"http:\/\/www.kreatorzysmaku.pl\/kreatorzysmaku\/piknik-grillowy-w-mercedes-benz-warszawa\/\"]}]},{\"@type\":\"BreadcrumbList\",\"@id\":\"http:\/\/www.kreatorzysmaku.pl\/kreatorzysmaku\/piknik-grillowy-w-mercedes-benz-warszawa\/#breadcrumb\",\"itemListElement\":[{\"@type\":\"ListItem\",\"position\":1,\"name\":\"Strona g\u0142\u00f3wna\",\"item\":\"http:\/\/www.kreatorzysmaku.pl\/kreatorzysmaku\/\"},{\"@type\":\"ListItem\",\"position\":2,\"name\":\"Piknik grillowy w Mercedes Benz Warszawa\"}]}]}<\/script>\n<!-- \/ Yoast SEO plugin. -->","yoast_head_json":{"title":"Piknik grillowy w Mercedes Benz Warszawa - Kreatorzy Smaku","robots":{"index":"index","follow":"follow","max-snippet":"max-snippet:-1","max-image-preview":"max-image-preview:large","max-video-preview":"max-video-preview:-1"},"canonical":"http:\/\/www.kreatorzysmaku.pl\/kreatorzysmaku\/piknik-grillowy-w-mercedes-benz-warszawa\/","og_locale":"pl_PL","og_type":"article","og_title":"Piknik grillowy w Mercedes Benz Warszawa - Kreatorzy Smaku","og_description":"Za nami pracowity weekend. Sezon imprez grillowych rozpocz\u0119ty na dobre. Tym razem w Mercedes Benz Warszawa przygotowali\u015bmy piknik grillowy. Opr\u00f3cz tradycyjnych bufet\u00f3w by\u0142 prawdziwy grill w\u0119glowy.","og_url":"http:\/\/www.kreatorzysmaku.pl\/kreatorzysmaku\/piknik-grillowy-w-mercedes-benz-warszawa\/","og_site_name":"Kreatorzy Smaku","article_publisher":"http:\/\/pl-pl.facebook.com\/pages\/Kreatorzy-Smaku\/144377842304668","article_modified_time":"2019-06-10T14:36:23+00:00","og_image":[{"width":2048,"height":1367,"url":"http:\/\/www.kreatorzysmaku.pl\/wp-content\/uploads\/2019\/06\/kreatorzy-smaku-catering-mercedes-benz-warszawa-4.jpg","type":"image\/jpeg"}],"twitter_card":"summary_large_image","twitter_site":"@KreatorzySmaku","schema":{"@context":"https:\/\/schema.org","@graph":[{"@type":"WebSite","@id":"http:\/\/www.kreatorzysmaku.pl\/kreatorzysmaku\/#website","url":"http:\/\/www.kreatorzysmaku.pl\/kreatorzysmaku\/","name":"Kreatorzy Smaku","description":"Kreatorzy Smaku to szeroko poj\u0119ty catering, kt\u00f3ry wykreuje dla Pa\u0144stwa niepowtarzalne menu na ka\u017cd\u0105 okazj\u0119","potentialAction":[{"@type":"SearchAction","target":{"@type":"EntryPoint","urlTemplate":"http:\/\/www.kreatorzysmaku.pl\/kreatorzysmaku\/?s={search_term_string}"},"query-input":"required name=search_term_string"}],"inLanguage":"pl-PL"},{"@type":"WebPage","@id":"http:\/\/www.kreatorzysmaku.pl\/kreatorzysmaku\/piknik-grillowy-w-mercedes-benz-warszawa\/","url":"http:\/\/www.kreatorzysmaku.pl\/kreatorzysmaku\/piknik-grillowy-w-mercedes-benz-warszawa\/","name":"Piknik grillowy w Mercedes Benz Warszawa - Kreatorzy Smaku","isPartOf":{"@id":"http:\/\/www.kreatorzysmaku.pl\/kreatorzysmaku\/#website"},"datePublished":"2019-06-10T14:36:02+00:00","dateModified":"2019-06-10T14:36:23+00:00","breadcrumb":{"@id":"http:\/\/www.kreatorzysmaku.pl\/kreatorzysmaku\/piknik-grillowy-w-mercedes-benz-warszawa\/#breadcrumb"},"inLanguage":"pl-PL","potentialAction":[{"@type":"ReadAction","target":["http:\/\/www.kreatorzysmaku.pl\/kreatorzysmaku\/piknik-grillowy-w-mercedes-benz-warszawa\/"]}]},{"@type":"BreadcrumbList","@id":"http:\/\/www.kreatorzysmaku.pl\/kreatorzysmaku\/piknik-grillowy-w-mercedes-benz-warszawa\/#breadcrumb","itemListElement":[{"@type":"ListItem","position":1,"name":"Strona g\u0142\u00f3wna","item":"http:\/\/www.kreatorzysmaku.pl\/kreatorzysmaku\/"},{"@type":"ListItem","position":2,"name":"Piknik grillowy w Mercedes Benz Warszawa"}]}]}},"_links":{"self":[{"href":"http:\/\/www.kreatorzysmaku.pl\/kreatorzysmaku\/wp-json\/wp\/v2\/pages\/16323"}],"collection":[{"href":"http:\/\/www.kreatorzysmaku.pl\/kreatorzysmaku\/wp-json\/wp\/v2\/pages"}],"about":[{"href":"http:\/\/www.kreatorzysmaku.pl\/kreatorzysmaku\/wp-json\/wp\/v2\/types\/page"}],"author":[{"embeddable":true,"href":"http:\/\/www.kreatorzysmaku.pl\/kreatorzysmaku\/wp-json\/wp\/v2\/users\/1"}],"replies":[{"embeddable":true,"href":"http:\/\/www.kreatorzysmaku.pl\/kreatorzysmaku\/wp-json\/wp\/v2\/comments?post=16323"}],"version-history":[{"count":2,"href":"http:\/\/www.kreatorzysmaku.pl\/kreatorzysmaku\/wp-json\/wp\/v2\/pages\/16323\/revisions"}],"predecessor-version":[{"id":16325,"href":"http:\/\/www.kreatorzysmaku.pl\/kreatorzysmaku\/wp-json\/wp\/v2\/pages\/16323\/revisions\/16325"}],"wp:featuredmedia":[{"embeddable":true,"href":"http:\/\/www.kreatorzysmaku.pl\/kreatorzysmaku\/wp-json\/wp\/v2\/media\/16313"}],"wp:attachment":[{"href":"http:\/\/www.kreatorzysmaku.pl\/kreatorzysmaku\/wp-json\/wp\/v2\/media?parent=16323"}],"curies":[{"name":"wp","href":"https:\/\/api.w.org\/{rel}","templated":true}]}}