{"id":99,"date":"2014-05-12T19:53:53","date_gmt":"2014-05-12T17:53:53","guid":{"rendered":"http:\/\/kreatorzysmaku.home.pl\/kreatorzysmaku\/?page_id=99"},"modified":"2016-08-31T11:35:22","modified_gmt":"2016-08-31T09:35:22","slug":"imprezy-okolicznosciowe","status":"publish","type":"page","link":"http:\/\/www.kreatorzysmaku.pl\/kreatorzysmaku\/catering\/imprezy-okolicznosciowe\/","title":{"rendered":"Imprezy okoliczno\u015bciowe"},"content":{"rendered":"<h2>Imprezy okoliczno\u015bciowe. Zadbamy o to, aby wszyscy go\u015bcie zostali profesjonalnie i ciep\u0142o obs\u0142u\u017ceni, a jako\u015b\u0107 i smak podawanych potraw by\u0142a na jak najwy\u017cszym poziomie.<\/h2>\n<p>Imprezy okoliczno\u015bciowe. Zajmujemy si\u0119 pe\u0142n\u0105 obs\u0142ug\u0105 cateringow\u0105 wszelkiego rodzaju przyj\u0119\u0107 okoliczno\u015bciowych. Zorganizujemy dla Pa\u0144stwa kameralne przyj\u0119cie w gronie najbli\u017cszych jak r\u00f3wnie\u017c wykwintny bankiet, kt\u00f3ry na d\u0142ugo pozostanie w pami\u0119ci Pa\u0144stwa i zaproszonych go\u015bci. Indywidualnie dostosowujemy nasze us\u0142ugi do ka\u017cdego zlecenia, a do\u015bwiadczony szef kuchni doradzi Pa\u0144stwu przy kreowaniu menu.<\/p>\n<h3>Nasze wieloletnie do\u015bwiadczenie pozwala nam w pe\u0142ni sprosta\u0107 potrzebom nawet najbardziej wymagaj\u0105cych klient\u00f3w.<\/h3>\n<p>Szeroki wachlarz us\u0142ug, bogate menu i konkurencyjne ceny to aspekty, kt\u00f3re pozwalaj\u0105 nam by\u0107 liderem na rynku us\u0142ug cateringowych.<br \/>\nZapraszamy do zapoznania si\u0119 z nasz\u0105 og\u00f3ln\u0105 ofert\u0105.<\/p>\n<p>&nbsp;<\/p>\n<div class=\"su-button-center\"><a href=\"http:\/\/kreatorzysmaku.home.pl\/oferty\/Kreatorzy%20Smaku%20oferta%20na%20imprezy%20okolicznosciowe.pdf\" class=\"su-button su-button-style-soft\" style=\"color:#FFFFFF;background-color:#660066;border-color:#520052;border-radius:8px;-moz-border-radius:8px;-webkit-border-radius:8px\" target=\"_self\" rel=\"nofollow\"><span style=\"color:#FFFFFF;padding:7px 22px;font-size:17px;line-height:26px;border-color:#944d94;border-radius:8px;-moz-border-radius:8px;-webkit-border-radius:8px;text-shadow:none;-moz-text-shadow:none;-webkit-text-shadow:none\"><i class=\"sui sui-reply-all\" style=\"font-size:17px;color:#FFFFFF\"><\/i> Pobierz ofert\u0119<\/span><\/a><\/div>\n","protected":false},"excerpt":{"rendered":"<p>Imprezy okoliczno\u015bciowe. Zadbamy o to, aby wszyscy go\u015bcie zostali profesjonalnie i ciep\u0142o obs\u0142u\u017ceni, a jako\u015b\u0107 i smak podawanych potraw by\u0142a na jak najwy\u017cszym poziomie. Imprezy okoliczno\u015bciowe. Zajmujemy si\u0119 pe\u0142n\u0105 obs\u0142ug\u0105 cateringow\u0105 wszelkiego rodzaju przyj\u0119\u0107 okoliczno\u015bciowych. Zorganizujemy dla Pa\u0144stwa kameralne przyj\u0119cie w gronie najbli\u017cszych jak r\u00f3wnie\u017c wykwintny bankiet, kt\u00f3ry na d\u0142ugo pozostanie w pami\u0119ci Pa\u0144stwa i zaproszonych go\u015bci. Indywidualnie dostosowujemy nasze us\u0142ugi do ka\u017cdego zlecenia, a do\u015bwiadczony szef kuchni doradzi Pa\u0144stwu przy kreowaniu menu. Nasze wieloletnie do\u015bwiadczenie pozwala nam w pe\u0142ni sprosta\u0107 potrzebom nawet najbardziej wymagaj\u0105cych klient\u00f3w. Szeroki wachlarz us\u0142ug, bogate menu i konkurencyjne ceny to aspekty, kt\u00f3re pozwalaj\u0105 nam by\u0107 liderem na rynku us\u0142ug cateringowych. Zapraszamy do zapoznania si\u0119 z nasz\u0105 og\u00f3ln\u0105 ofert\u0105. &nbsp;<\/p>\n","protected":false},"author":1,"featured_media":0,"parent":8,"menu_order":4,"comment_status":"closed","ping_status":"closed","template":"","meta":[],"yoast_head":"<!-- This site is optimized with the Yoast SEO plugin v19.4 - https:\/\/yoast.com\/wordpress\/plugins\/seo\/ -->\n<title>Imprezy okoliczno\u015bciowe. Obs\u0142uga cateringowa przyj\u0119\u0107 okoliczno\u015bciowych.<\/title>\n<meta name=\"description\" content=\"Imprezy okoliczno\u015bciowe. Zajmujemy si\u0119 pe\u0142n\u0105 obs\u0142ug\u0105 cateringow\u0105 przyj\u0119\u0107 okoliczno\u015bciowych. Kameralne przyj\u0119cie w gronie najbli\u017cszych i wykwintny bankiet\" \/>\n<meta name=\"robots\" content=\"index, follow, max-snippet:-1, max-image-preview:large, max-video-preview:-1\" \/>\n<link rel=\"canonical\" href=\"http:\/\/www.kreatorzysmaku.pl\/kreatorzysmaku\/catering\/imprezy-okolicznosciowe\/\" \/>\n<meta property=\"og:locale\" content=\"pl_PL\" \/>\n<meta property=\"og:type\" content=\"article\" \/>\n<meta property=\"og:title\" content=\"Imprezy okoliczno\u015bciowe. Obs\u0142uga cateringowa przyj\u0119\u0107 okoliczno\u015bciowych.\" \/>\n<meta property=\"og:description\" content=\"Imprezy okoliczno\u015bciowe. Zajmujemy si\u0119 pe\u0142n\u0105 obs\u0142ug\u0105 cateringow\u0105 przyj\u0119\u0107 okoliczno\u015bciowych. Kameralne przyj\u0119cie w gronie najbli\u017cszych i wykwintny bankiet\" \/>\n<meta property=\"og:url\" content=\"http:\/\/www.kreatorzysmaku.pl\/kreatorzysmaku\/catering\/imprezy-okolicznosciowe\/\" \/>\n<meta property=\"og:site_name\" content=\"Kreatorzy Smaku\" \/>\n<meta property=\"article:publisher\" content=\"http:\/\/pl-pl.facebook.com\/pages\/Kreatorzy-Smaku\/144377842304668\" \/>\n<meta property=\"article:modified_time\" content=\"2016-08-31T09:35:22+00:00\" \/>\n<meta property=\"og:image\" content=\"http:\/\/www.kreatorzysmaku.pl\/wp-content\/uploads\/2014\/11\/menu-dnia.jpg\" \/>\n\t<meta property=\"og:image:width\" content=\"1920\" \/>\n\t<meta property=\"og:image:height\" content=\"999\" \/>\n\t<meta property=\"og:image:type\" content=\"image\/jpeg\" \/>\n<meta name=\"twitter:card\" content=\"summary_large_image\" \/>\n<meta name=\"twitter:site\" content=\"@KreatorzySmaku\" \/>\n<meta name=\"twitter:label1\" content=\"Szacowany czas czytania\" \/>\n\t<meta name=\"twitter:data1\" content=\"1 minuta\" \/>\n<script type=\"application\/ld+json\" class=\"yoast-schema-graph\">{\"@context\":\"https:\/\/schema.org\",\"@graph\":[{\"@type\":\"WebSite\",\"@id\":\"http:\/\/www.kreatorzysmaku.pl\/kreatorzysmaku\/#website\",\"url\":\"http:\/\/www.kreatorzysmaku.pl\/kreatorzysmaku\/\",\"name\":\"Kreatorzy Smaku\",\"description\":\"Kreatorzy Smaku to szeroko poj\u0119ty catering, kt\u00f3ry wykreuje dla Pa\u0144stwa niepowtarzalne menu na ka\u017cd\u0105 okazj\u0119\",\"potentialAction\":[{\"@type\":\"SearchAction\",\"target\":{\"@type\":\"EntryPoint\",\"urlTemplate\":\"http:\/\/www.kreatorzysmaku.pl\/kreatorzysmaku\/?s={search_term_string}\"},\"query-input\":\"required name=search_term_string\"}],\"inLanguage\":\"pl-PL\"},{\"@type\":\"WebPage\",\"@id\":\"http:\/\/www.kreatorzysmaku.pl\/kreatorzysmaku\/catering\/imprezy-okolicznosciowe\/\",\"url\":\"http:\/\/www.kreatorzysmaku.pl\/kreatorzysmaku\/catering\/imprezy-okolicznosciowe\/\",\"name\":\"Imprezy okoliczno\u015bciowe. Obs\u0142uga cateringowa przyj\u0119\u0107 okoliczno\u015bciowych.\",\"isPartOf\":{\"@id\":\"http:\/\/www.kreatorzysmaku.pl\/kreatorzysmaku\/#website\"},\"datePublished\":\"2014-05-12T17:53:53+00:00\",\"dateModified\":\"2016-08-31T09:35:22+00:00\",\"description\":\"Imprezy okoliczno\u015bciowe. Zajmujemy si\u0119 pe\u0142n\u0105 obs\u0142ug\u0105 cateringow\u0105 przyj\u0119\u0107 okoliczno\u015bciowych. Kameralne przyj\u0119cie w gronie najbli\u017cszych i wykwintny bankiet\",\"breadcrumb\":{\"@id\":\"http:\/\/www.kreatorzysmaku.pl\/kreatorzysmaku\/catering\/imprezy-okolicznosciowe\/#breadcrumb\"},\"inLanguage\":\"pl-PL\",\"potentialAction\":[{\"@type\":\"ReadAction\",\"target\":[\"http:\/\/www.kreatorzysmaku.pl\/kreatorzysmaku\/catering\/imprezy-okolicznosciowe\/\"]}]},{\"@type\":\"BreadcrumbList\",\"@id\":\"http:\/\/www.kreatorzysmaku.pl\/kreatorzysmaku\/catering\/imprezy-okolicznosciowe\/#breadcrumb\",\"itemListElement\":[{\"@type\":\"ListItem\",\"position\":1,\"name\":\"Strona g\u0142\u00f3wna\",\"item\":\"http:\/\/www.kreatorzysmaku.pl\/kreatorzysmaku\/\"},{\"@type\":\"ListItem\",\"position\":2,\"name\":\"Catering\",\"item\":\"https:\/\/www.kreatorzysmaku.pl\/kreatorzysmaku\/catering\/\"},{\"@type\":\"ListItem\",\"position\":3,\"name\":\"Imprezy okoliczno\u015bciowe\"}]}]}<\/script>\n<!-- \/ Yoast SEO plugin. -->","yoast_head_json":{"title":"Imprezy okoliczno\u015bciowe. Obs\u0142uga cateringowa przyj\u0119\u0107 okoliczno\u015bciowych.","description":"Imprezy okoliczno\u015bciowe. Zajmujemy si\u0119 pe\u0142n\u0105 obs\u0142ug\u0105 cateringow\u0105 przyj\u0119\u0107 okoliczno\u015bciowych. Kameralne przyj\u0119cie w gronie najbli\u017cszych i wykwintny bankiet","robots":{"index":"index","follow":"follow","max-snippet":"max-snippet:-1","max-image-preview":"max-image-preview:large","max-video-preview":"max-video-preview:-1"},"canonical":"http:\/\/www.kreatorzysmaku.pl\/kreatorzysmaku\/catering\/imprezy-okolicznosciowe\/","og_locale":"pl_PL","og_type":"article","og_title":"Imprezy okoliczno\u015bciowe. Obs\u0142uga cateringowa przyj\u0119\u0107 okoliczno\u015bciowych.","og_description":"Imprezy okoliczno\u015bciowe. Zajmujemy si\u0119 pe\u0142n\u0105 obs\u0142ug\u0105 cateringow\u0105 przyj\u0119\u0107 okoliczno\u015bciowych. Kameralne przyj\u0119cie w gronie najbli\u017cszych i wykwintny bankiet","og_url":"http:\/\/www.kreatorzysmaku.pl\/kreatorzysmaku\/catering\/imprezy-okolicznosciowe\/","og_site_name":"Kreatorzy Smaku","article_publisher":"http:\/\/pl-pl.facebook.com\/pages\/Kreatorzy-Smaku\/144377842304668","article_modified_time":"2016-08-31T09:35:22+00:00","og_image":[{"width":1920,"height":999,"url":"http:\/\/www.kreatorzysmaku.pl\/wp-content\/uploads\/2014\/11\/menu-dnia.jpg","type":"image\/jpeg"}],"twitter_card":"summary_large_image","twitter_site":"@KreatorzySmaku","twitter_misc":{"Szacowany czas czytania":"1 minuta"},"schema":{"@context":"https:\/\/schema.org","@graph":[{"@type":"WebSite","@id":"http:\/\/www.kreatorzysmaku.pl\/kreatorzysmaku\/#website","url":"http:\/\/www.kreatorzysmaku.pl\/kreatorzysmaku\/","name":"Kreatorzy Smaku","description":"Kreatorzy Smaku to szeroko poj\u0119ty catering, kt\u00f3ry wykreuje dla Pa\u0144stwa niepowtarzalne menu na ka\u017cd\u0105 okazj\u0119","potentialAction":[{"@type":"SearchAction","target":{"@type":"EntryPoint","urlTemplate":"http:\/\/www.kreatorzysmaku.pl\/kreatorzysmaku\/?s={search_term_string}"},"query-input":"required name=search_term_string"}],"inLanguage":"pl-PL"},{"@type":"WebPage","@id":"http:\/\/www.kreatorzysmaku.pl\/kreatorzysmaku\/catering\/imprezy-okolicznosciowe\/","url":"http:\/\/www.kreatorzysmaku.pl\/kreatorzysmaku\/catering\/imprezy-okolicznosciowe\/","name":"Imprezy okoliczno\u015bciowe. Obs\u0142uga cateringowa przyj\u0119\u0107 okoliczno\u015bciowych.","isPartOf":{"@id":"http:\/\/www.kreatorzysmaku.pl\/kreatorzysmaku\/#website"},"datePublished":"2014-05-12T17:53:53+00:00","dateModified":"2016-08-31T09:35:22+00:00","description":"Imprezy okoliczno\u015bciowe. Zajmujemy si\u0119 pe\u0142n\u0105 obs\u0142ug\u0105 cateringow\u0105 przyj\u0119\u0107 okoliczno\u015bciowych. Kameralne przyj\u0119cie w gronie najbli\u017cszych i wykwintny bankiet","breadcrumb":{"@id":"http:\/\/www.kreatorzysmaku.pl\/kreatorzysmaku\/catering\/imprezy-okolicznosciowe\/#breadcrumb"},"inLanguage":"pl-PL","potentialAction":[{"@type":"ReadAction","target":["http:\/\/www.kreatorzysmaku.pl\/kreatorzysmaku\/catering\/imprezy-okolicznosciowe\/"]}]},{"@type":"BreadcrumbList","@id":"http:\/\/www.kreatorzysmaku.pl\/kreatorzysmaku\/catering\/imprezy-okolicznosciowe\/#breadcrumb","itemListElement":[{"@type":"ListItem","position":1,"name":"Strona g\u0142\u00f3wna","item":"http:\/\/www.kreatorzysmaku.pl\/kreatorzysmaku\/"},{"@type":"ListItem","position":2,"name":"Catering","item":"https:\/\/www.kreatorzysmaku.pl\/kreatorzysmaku\/catering\/"},{"@type":"ListItem","position":3,"name":"Imprezy okoliczno\u015bciowe"}]}]}},"_links":{"self":[{"href":"http:\/\/www.kreatorzysmaku.pl\/kreatorzysmaku\/wp-json\/wp\/v2\/pages\/99"}],"collection":[{"href":"http:\/\/www.kreatorzysmaku.pl\/kreatorzysmaku\/wp-json\/wp\/v2\/pages"}],"about":[{"href":"http:\/\/www.kreatorzysmaku.pl\/kreatorzysmaku\/wp-json\/wp\/v2\/types\/page"}],"author":[{"embeddable":true,"href":"http:\/\/www.kreatorzysmaku.pl\/kreatorzysmaku\/wp-json\/wp\/v2\/users\/1"}],"replies":[{"embeddable":true,"href":"http:\/\/www.kreatorzysmaku.pl\/kreatorzysmaku\/wp-json\/wp\/v2\/comments?post=99"}],"version-history":[{"count":15,"href":"http:\/\/www.kreatorzysmaku.pl\/kreatorzysmaku\/wp-json\/wp\/v2\/pages\/99\/revisions"}],"predecessor-version":[{"id":11199,"href":"http:\/\/www.kreatorzysmaku.pl\/kreatorzysmaku\/wp-json\/wp\/v2\/pages\/99\/revisions\/11199"}],"up":[{"embeddable":true,"href":"http:\/\/www.kreatorzysmaku.pl\/kreatorzysmaku\/wp-json\/wp\/v2\/pages\/8"}],"wp:attachment":[{"href":"http:\/\/www.kreatorzysmaku.pl\/kreatorzysmaku\/wp-json\/wp\/v2\/media?parent=99"}],"curies":[{"name":"wp","href":"https:\/\/api.w.org\/{rel}","templated":true}]}}