{"id":10197,"date":"2016-02-28T14:05:51","date_gmt":"2016-02-28T13:05:51","guid":{"rendered":"http:\/\/www.kreatorzysmaku.pl\/?page_id=10197"},"modified":"2016-10-01T23:17:50","modified_gmt":"2016-10-01T21:17:50","slug":"najpopularniejsze-diety","status":"publish","type":"page","link":"https:\/\/www.kreatorzysmaku.pl\/kreatorzysmaku\/najpopularniejsze-diety\/","title":{"rendered":"B\u0105d\u017a fit \u2013 diety"},"content":{"rendered":"<h2>Uzupe\u0142niaj\u0105c nasz mini poradnik \u201eB\u0105d\u017a fit\u201d przedstawiamy Pa\u0144stwu najpopularniejsze diety, programy \u017cywieniowe oraz potrawy.<\/h2>\n","protected":false},"excerpt":{"rendered":"<p>Uzupe\u0142niaj\u0105c nasz mini poradnik \u201eB\u0105d\u017a fit\u201d przedstawiamy Pa\u0144stwu najpopularniejsze diety, programy \u017cywieniowe oraz potrawy.<\/p>\n","protected":false},"author":1,"featured_media":0,"parent":0,"menu_order":0,"comment_status":"closed","ping_status":"closed","template":"","meta":[],"yoast_head":"<!-- This site is optimized with the Yoast SEO plugin v19.4 - https:\/\/yoast.com\/wordpress\/plugins\/seo\/ -->\n<title>Najpopularniejsze diety, b\u0105d\u017a fit \u2013 z \u201eKreatorzy Smaku\u201d<\/title>\n<meta name=\"description\" content=\"Uzupe\u0142niaj\u0105c nasz mini poradnik \u201eB\u0105d\u017a fit\u201d przedstawiamy Pa\u0144stwu najpopularniejsze diety i programy \u017cywieniowe.\" \/>\n<meta name=\"robots\" content=\"index, follow, max-snippet:-1, max-image-preview:large, max-video-preview:-1\" \/>\n<link rel=\"canonical\" href=\"http:\/\/www.kreatorzysmaku.pl\/kreatorzysmaku\/najpopularniejsze-diety\/\" \/>\n<meta property=\"og:locale\" content=\"pl_PL\" \/>\n<meta property=\"og:type\" content=\"article\" \/>\n<meta property=\"og:title\" content=\"Najpopularniejsze diety, b\u0105d\u017a fit \u2013 z \u201eKreatorzy Smaku\u201d\" \/>\n<meta property=\"og:description\" content=\"Uzupe\u0142niaj\u0105c nasz mini poradnik \u201eB\u0105d\u017a fit\u201d przedstawiamy Pa\u0144stwu najpopularniejsze diety i programy \u017cywieniowe.\" \/>\n<meta property=\"og:url\" content=\"http:\/\/www.kreatorzysmaku.pl\/kreatorzysmaku\/najpopularniejsze-diety\/\" \/>\n<meta property=\"og:site_name\" content=\"Kreatorzy Smaku\" \/>\n<meta property=\"article:publisher\" content=\"http:\/\/pl-pl.facebook.com\/pages\/Kreatorzy-Smaku\/144377842304668\" \/>\n<meta property=\"article:modified_time\" content=\"2016-10-01T21:17:50+00:00\" \/>\n<meta property=\"og:image\" content=\"https:\/\/www.kreatorzysmaku.pl\/wp-content\/uploads\/2014\/11\/menu-dnia.jpg\" \/>\n\t<meta property=\"og:image:width\" content=\"1920\" \/>\n\t<meta property=\"og:image:height\" content=\"999\" \/>\n\t<meta property=\"og:image:type\" content=\"image\/jpeg\" \/>\n<meta name=\"twitter:card\" content=\"summary_large_image\" \/>\n<meta name=\"twitter:site\" content=\"@KreatorzySmaku\" \/>\n<script type=\"application\/ld+json\" class=\"yoast-schema-graph\">{\"@context\":\"https:\/\/schema.org\",\"@graph\":[{\"@type\":\"WebSite\",\"@id\":\"http:\/\/www.kreatorzysmaku.pl\/kreatorzysmaku\/#website\",\"url\":\"http:\/\/www.kreatorzysmaku.pl\/kreatorzysmaku\/\",\"name\":\"Kreatorzy Smaku\",\"description\":\"Kreatorzy Smaku to szeroko poj\u0119ty catering, kt\u00f3ry wykreuje dla Pa\u0144stwa niepowtarzalne menu na ka\u017cd\u0105 okazj\u0119\",\"potentialAction\":[{\"@type\":\"SearchAction\",\"target\":{\"@type\":\"EntryPoint\",\"urlTemplate\":\"http:\/\/www.kreatorzysmaku.pl\/kreatorzysmaku\/?s={search_term_string}\"},\"query-input\":\"required name=search_term_string\"}],\"inLanguage\":\"pl-PL\"},{\"@type\":\"WebPage\",\"@id\":\"http:\/\/www.kreatorzysmaku.pl\/kreatorzysmaku\/najpopularniejsze-diety\/\",\"url\":\"http:\/\/www.kreatorzysmaku.pl\/kreatorzysmaku\/najpopularniejsze-diety\/\",\"name\":\"Najpopularniejsze diety, b\u0105d\u017a fit \u2013 z \u201eKreatorzy Smaku\u201d\",\"isPartOf\":{\"@id\":\"http:\/\/www.kreatorzysmaku.pl\/kreatorzysmaku\/#website\"},\"datePublished\":\"2016-02-28T13:05:51+00:00\",\"dateModified\":\"2016-10-01T21:17:50+00:00\",\"description\":\"Uzupe\u0142niaj\u0105c nasz mini poradnik \u201eB\u0105d\u017a fit\u201d przedstawiamy Pa\u0144stwu najpopularniejsze diety i programy \u017cywieniowe.\",\"breadcrumb\":{\"@id\":\"http:\/\/www.kreatorzysmaku.pl\/kreatorzysmaku\/najpopularniejsze-diety\/#breadcrumb\"},\"inLanguage\":\"pl-PL\",\"potentialAction\":[{\"@type\":\"ReadAction\",\"target\":[\"http:\/\/www.kreatorzysmaku.pl\/kreatorzysmaku\/najpopularniejsze-diety\/\"]}]},{\"@type\":\"BreadcrumbList\",\"@id\":\"http:\/\/www.kreatorzysmaku.pl\/kreatorzysmaku\/najpopularniejsze-diety\/#breadcrumb\",\"itemListElement\":[{\"@type\":\"ListItem\",\"position\":1,\"name\":\"Strona g\u0142\u00f3wna\",\"item\":\"http:\/\/www.kreatorzysmaku.pl\/kreatorzysmaku\/\"},{\"@type\":\"ListItem\",\"position\":2,\"name\":\"B\u0105d\u017a fit \u2013 diety\"}]}]}<\/script>\n<!-- \/ Yoast SEO plugin. -->","yoast_head_json":{"title":"Najpopularniejsze diety, b\u0105d\u017a fit \u2013 z \u201eKreatorzy Smaku\u201d","description":"Uzupe\u0142niaj\u0105c nasz mini poradnik \u201eB\u0105d\u017a fit\u201d przedstawiamy Pa\u0144stwu najpopularniejsze diety i programy \u017cywieniowe.","robots":{"index":"index","follow":"follow","max-snippet":"max-snippet:-1","max-image-preview":"max-image-preview:large","max-video-preview":"max-video-preview:-1"},"canonical":"http:\/\/www.kreatorzysmaku.pl\/kreatorzysmaku\/najpopularniejsze-diety\/","og_locale":"pl_PL","og_type":"article","og_title":"Najpopularniejsze diety, b\u0105d\u017a fit \u2013 z \u201eKreatorzy Smaku\u201d","og_description":"Uzupe\u0142niaj\u0105c nasz mini poradnik \u201eB\u0105d\u017a fit\u201d przedstawiamy Pa\u0144stwu najpopularniejsze diety i programy \u017cywieniowe.","og_url":"http:\/\/www.kreatorzysmaku.pl\/kreatorzysmaku\/najpopularniejsze-diety\/","og_site_name":"Kreatorzy Smaku","article_publisher":"http:\/\/pl-pl.facebook.com\/pages\/Kreatorzy-Smaku\/144377842304668","article_modified_time":"2016-10-01T21:17:50+00:00","og_image":[{"width":1920,"height":999,"url":"https:\/\/www.kreatorzysmaku.pl\/wp-content\/uploads\/2014\/11\/menu-dnia.jpg","type":"image\/jpeg"}],"twitter_card":"summary_large_image","twitter_site":"@KreatorzySmaku","schema":{"@context":"https:\/\/schema.org","@graph":[{"@type":"WebSite","@id":"http:\/\/www.kreatorzysmaku.pl\/kreatorzysmaku\/#website","url":"http:\/\/www.kreatorzysmaku.pl\/kreatorzysmaku\/","name":"Kreatorzy Smaku","description":"Kreatorzy Smaku to szeroko poj\u0119ty catering, kt\u00f3ry wykreuje dla Pa\u0144stwa niepowtarzalne menu na ka\u017cd\u0105 okazj\u0119","potentialAction":[{"@type":"SearchAction","target":{"@type":"EntryPoint","urlTemplate":"http:\/\/www.kreatorzysmaku.pl\/kreatorzysmaku\/?s={search_term_string}"},"query-input":"required name=search_term_string"}],"inLanguage":"pl-PL"},{"@type":"WebPage","@id":"http:\/\/www.kreatorzysmaku.pl\/kreatorzysmaku\/najpopularniejsze-diety\/","url":"http:\/\/www.kreatorzysmaku.pl\/kreatorzysmaku\/najpopularniejsze-diety\/","name":"Najpopularniejsze diety, b\u0105d\u017a fit \u2013 z \u201eKreatorzy Smaku\u201d","isPartOf":{"@id":"http:\/\/www.kreatorzysmaku.pl\/kreatorzysmaku\/#website"},"datePublished":"2016-02-28T13:05:51+00:00","dateModified":"2016-10-01T21:17:50+00:00","description":"Uzupe\u0142niaj\u0105c nasz mini poradnik \u201eB\u0105d\u017a fit\u201d przedstawiamy Pa\u0144stwu najpopularniejsze diety i programy \u017cywieniowe.","breadcrumb":{"@id":"http:\/\/www.kreatorzysmaku.pl\/kreatorzysmaku\/najpopularniejsze-diety\/#breadcrumb"},"inLanguage":"pl-PL","potentialAction":[{"@type":"ReadAction","target":["http:\/\/www.kreatorzysmaku.pl\/kreatorzysmaku\/najpopularniejsze-diety\/"]}]},{"@type":"BreadcrumbList","@id":"http:\/\/www.kreatorzysmaku.pl\/kreatorzysmaku\/najpopularniejsze-diety\/#breadcrumb","itemListElement":[{"@type":"ListItem","position":1,"name":"Strona g\u0142\u00f3wna","item":"http:\/\/www.kreatorzysmaku.pl\/kreatorzysmaku\/"},{"@type":"ListItem","position":2,"name":"B\u0105d\u017a fit \u2013 diety"}]}]}},"_links":{"self":[{"href":"https:\/\/www.kreatorzysmaku.pl\/kreatorzysmaku\/wp-json\/wp\/v2\/pages\/10197"}],"collection":[{"href":"https:\/\/www.kreatorzysmaku.pl\/kreatorzysmaku\/wp-json\/wp\/v2\/pages"}],"about":[{"href":"https:\/\/www.kreatorzysmaku.pl\/kreatorzysmaku\/wp-json\/wp\/v2\/types\/page"}],"author":[{"embeddable":true,"href":"https:\/\/www.kreatorzysmaku.pl\/kreatorzysmaku\/wp-json\/wp\/v2\/users\/1"}],"replies":[{"embeddable":true,"href":"https:\/\/www.kreatorzysmaku.pl\/kreatorzysmaku\/wp-json\/wp\/v2\/comments?post=10197"}],"version-history":[{"count":2,"href":"https:\/\/www.kreatorzysmaku.pl\/kreatorzysmaku\/wp-json\/wp\/v2\/pages\/10197\/revisions"}],"predecessor-version":[{"id":11357,"href":"https:\/\/www.kreatorzysmaku.pl\/kreatorzysmaku\/wp-json\/wp\/v2\/pages\/10197\/revisions\/11357"}],"wp:attachment":[{"href":"https:\/\/www.kreatorzysmaku.pl\/kreatorzysmaku\/wp-json\/wp\/v2\/media?parent=10197"}],"curies":[{"name":"wp","href":"https:\/\/api.w.org\/{rel}","templated":true}]}}