{"id":94,"date":"2014-05-12T19:52:01","date_gmt":"2014-05-12T17:52:01","guid":{"rendered":"http:\/\/kreatorzysmaku.home.pl\/kreatorzysmaku\/?page_id=94"},"modified":"2019-03-12T18:14:55","modified_gmt":"2019-03-12T17:14:55","slug":"lunch-dla-firm","status":"publish","type":"page","link":"https:\/\/www.kreatorzysmaku.pl\/kreatorzysmaku\/catering\/lunch-dla-firm\/","title":{"rendered":"Lunch dla firm"},"content":{"rendered":"<h2 style=\"text-align: center;\">ZG\u0141ODNIA\u0141E\u015a W PRACY? &#8211; Lunch dla firm<\/h2>\n<p style=\"text-align: center; line-height: normal;\">Lunch dla firm. Jeste\u015bmy firm\u0105 cateringow\u0105 dostarczaj\u0105c\u0105 ciep\u0142e obiady dla firm i instytucji\u00a0na terenie Warszawy i okolic.<\/p>\n<p><img class=\"aligncenter wp-image-4296 size-full\" src=\"http:\/\/www.kreatorzysmaku.home.pl\/kreatorzysmaku\/wp-content\/uploads\/2014\/08\/sznycelki-w-sosie-pieczeniowym-z-kopytkami-01.jpg\" alt=\"lunch dla firm Sznycelki w sosie pieczeniowym z kopytkami\" width=\"100%\" srcset=\"https:\/\/www.kreatorzysmaku.pl\/wp-content\/uploads\/2014\/08\/sznycelki-w-sosie-pieczeniowym-z-kopytkami-01.jpg 1920w, https:\/\/www.kreatorzysmaku.pl\/wp-content\/uploads\/2014\/08\/sznycelki-w-sosie-pieczeniowym-z-kopytkami-01-500x333.jpg 500w, https:\/\/www.kreatorzysmaku.pl\/wp-content\/uploads\/2014\/08\/sznycelki-w-sosie-pieczeniowym-z-kopytkami-01-1500x998.jpg 1500w\" sizes=\"(max-width: 1920px) 100vw, 1920px\" \/><\/p>\n<h3 style=\"text-align: center;\">To co nas wyr\u00f3\u017cnia:<\/h3>\n<div class=\"shortcode-list bullet\">\r\n<ul>\r\n \t<li>smaczne i du\u017ce porcje<\/li>\r\n \t<li>wy\u0142\u0105cznie \u015bwie\u017ce produkty<\/li>\r\n \t<li>bezp\u0142atna dostawa do firm<\/li>\r\n \t<li>hermetyczne pojemniki Duni utrzymuj\u0105ce temperatur\u0119 (mo\u017cliwo\u015b\u0107 odgrzania w kuchence mikrofalowej)<\/li>\r\n \t<li>sztu\u0107ce i opakowania w cenie obiadu<\/li>\r\n \t<li>powy\u017cej 10 zestaw\u00f3w przewidziany rabat<\/li>\r\n<\/ul>\r\n<\/div>\n<h2><\/h2>\n<h2 style=\"text-align: center;\">ZESTAW \u2013 lunch dla firm (II danie dnia + zupa dnia)<\/h2>\n<h5>Do ceny posi\u0142ku doliczamy koszt opakowania:<\/h5>\n<ul>\n<li>na zup\u0119 &#8211; 50 gr,<\/li>\n<li>na II danie &#8211; 1 z\u0142<\/li>\n<li>na zestaw &#8211; 1,5 z\u0142<\/li>\n<\/ul>\n<h5><\/h5>\n<h5>Koszt dostawy ustalany, za ka\u017cdym razem, indywidualnie.<\/h5>\n","protected":false},"excerpt":{"rendered":"<p>ZG\u0141ODNIA\u0141E\u015a W PRACY? &#8211; Lunch dla firm Lunch dla firm. Jeste\u015bmy firm\u0105 cateringow\u0105 dostarczaj\u0105c\u0105 ciep\u0142e obiady dla firm i instytucji\u00a0na terenie Warszawy i okolic. To co nas wyr\u00f3\u017cnia: ZESTAW \u2013 lunch dla firm (II danie dnia + zupa dnia) Do ceny posi\u0142ku doliczamy koszt opakowania: na zup\u0119 &#8211; 50 gr, na II danie &#8211; 1 z\u0142 na zestaw &#8211; 1,5 z\u0142 Koszt dostawy ustalany, za ka\u017cdym razem, indywidualnie.<\/p>\n","protected":false},"author":1,"featured_media":0,"parent":8,"menu_order":1,"comment_status":"closed","ping_status":"open","template":"","meta":[],"yoast_head":"<!-- This site is optimized with the Yoast SEO plugin v19.4 - https:\/\/yoast.com\/wordpress\/plugins\/seo\/ -->\n<title>Lunch dla firm, obiady z dostaw\u0105 do biura, obiady firmowe<\/title>\n<meta name=\"description\" content=\"Lunch dla firm. Jeste\u015bmy firm\u0105 cateringow\u0105 dostarczaj\u0105c\u0105 ciep\u0142e obiady dla firm na terenie Warszawy i okolic. Obiady z dostaw\u0105 do biura.\" \/>\n<meta name=\"robots\" content=\"index, follow, max-snippet:-1, max-image-preview:large, max-video-preview:-1\" \/>\n<link rel=\"canonical\" href=\"http:\/\/www.kreatorzysmaku.pl\/kreatorzysmaku\/catering\/lunch-dla-firm\/\" \/>\n<meta property=\"og:locale\" content=\"pl_PL\" \/>\n<meta property=\"og:type\" content=\"article\" \/>\n<meta property=\"og:title\" content=\"Lunch dla firm, obiady z dostaw\u0105 do biura, obiady firmowe\" \/>\n<meta property=\"og:description\" content=\"Lunch dla firm. Jeste\u015bmy firm\u0105 cateringow\u0105 dostarczaj\u0105c\u0105 ciep\u0142e obiady dla firm na terenie Warszawy i okolic. Obiady z dostaw\u0105 do biura.\" \/>\n<meta property=\"og:url\" content=\"http:\/\/www.kreatorzysmaku.pl\/kreatorzysmaku\/catering\/lunch-dla-firm\/\" \/>\n<meta property=\"og:site_name\" content=\"Kreatorzy Smaku\" \/>\n<meta property=\"article:publisher\" content=\"http:\/\/pl-pl.facebook.com\/pages\/Kreatorzy-Smaku\/144377842304668\" \/>\n<meta property=\"article:modified_time\" content=\"2019-03-12T17:14:55+00:00\" \/>\n<meta property=\"og:image\" content=\"http:\/\/www.kreatorzysmaku.home.pl\/kreatorzysmaku\/wp-content\/uploads\/2014\/08\/sznycelki-w-sosie-pieczeniowym-z-kopytkami-01.jpg\" \/>\n<meta name=\"twitter:card\" content=\"summary_large_image\" \/>\n<meta name=\"twitter:site\" content=\"@KreatorzySmaku\" \/>\n<meta name=\"twitter:label1\" content=\"Szacowany czas czytania\" \/>\n\t<meta name=\"twitter:data1\" content=\"1 minuta\" \/>\n<script type=\"application\/ld+json\" class=\"yoast-schema-graph\">{\"@context\":\"https:\/\/schema.org\",\"@graph\":[{\"@type\":\"WebSite\",\"@id\":\"http:\/\/www.kreatorzysmaku.pl\/kreatorzysmaku\/#website\",\"url\":\"http:\/\/www.kreatorzysmaku.pl\/kreatorzysmaku\/\",\"name\":\"Kreatorzy Smaku\",\"description\":\"Kreatorzy Smaku to szeroko poj\u0119ty catering, kt\u00f3ry wykreuje dla Pa\u0144stwa niepowtarzalne menu na ka\u017cd\u0105 okazj\u0119\",\"potentialAction\":[{\"@type\":\"SearchAction\",\"target\":{\"@type\":\"EntryPoint\",\"urlTemplate\":\"http:\/\/www.kreatorzysmaku.pl\/kreatorzysmaku\/?s={search_term_string}\"},\"query-input\":\"required name=search_term_string\"}],\"inLanguage\":\"pl-PL\"},{\"@type\":\"WebPage\",\"@id\":\"http:\/\/www.kreatorzysmaku.pl\/kreatorzysmaku\/catering\/lunch-dla-firm\/\",\"url\":\"http:\/\/www.kreatorzysmaku.pl\/kreatorzysmaku\/catering\/lunch-dla-firm\/\",\"name\":\"Lunch dla firm, obiady z dostaw\u0105 do biura, obiady firmowe\",\"isPartOf\":{\"@id\":\"http:\/\/www.kreatorzysmaku.pl\/kreatorzysmaku\/#website\"},\"datePublished\":\"2014-05-12T17:52:01+00:00\",\"dateModified\":\"2019-03-12T17:14:55+00:00\",\"description\":\"Lunch dla firm. Jeste\u015bmy firm\u0105 cateringow\u0105 dostarczaj\u0105c\u0105 ciep\u0142e obiady dla firm na terenie Warszawy i okolic. Obiady z dostaw\u0105 do biura.\",\"breadcrumb\":{\"@id\":\"http:\/\/www.kreatorzysmaku.pl\/kreatorzysmaku\/catering\/lunch-dla-firm\/#breadcrumb\"},\"inLanguage\":\"pl-PL\",\"potentialAction\":[{\"@type\":\"ReadAction\",\"target\":[\"http:\/\/www.kreatorzysmaku.pl\/kreatorzysmaku\/catering\/lunch-dla-firm\/\"]}]},{\"@type\":\"BreadcrumbList\",\"@id\":\"http:\/\/www.kreatorzysmaku.pl\/kreatorzysmaku\/catering\/lunch-dla-firm\/#breadcrumb\",\"itemListElement\":[{\"@type\":\"ListItem\",\"position\":1,\"name\":\"Strona g\u0142\u00f3wna\",\"item\":\"http:\/\/www.kreatorzysmaku.pl\/kreatorzysmaku\/\"},{\"@type\":\"ListItem\",\"position\":2,\"name\":\"Catering\",\"item\":\"http:\/\/www.kreatorzysmaku.pl\/kreatorzysmaku\/catering\/\"},{\"@type\":\"ListItem\",\"position\":3,\"name\":\"Lunch dla firm\"}]}]}<\/script>\n<!-- \/ Yoast SEO plugin. -->","yoast_head_json":{"title":"Lunch dla firm, obiady z dostaw\u0105 do biura, obiady firmowe","description":"Lunch dla firm. Jeste\u015bmy firm\u0105 cateringow\u0105 dostarczaj\u0105c\u0105 ciep\u0142e obiady dla firm na terenie Warszawy i okolic. Obiady z dostaw\u0105 do biura.","robots":{"index":"index","follow":"follow","max-snippet":"max-snippet:-1","max-image-preview":"max-image-preview:large","max-video-preview":"max-video-preview:-1"},"canonical":"http:\/\/www.kreatorzysmaku.pl\/kreatorzysmaku\/catering\/lunch-dla-firm\/","og_locale":"pl_PL","og_type":"article","og_title":"Lunch dla firm, obiady z dostaw\u0105 do biura, obiady firmowe","og_description":"Lunch dla firm. Jeste\u015bmy firm\u0105 cateringow\u0105 dostarczaj\u0105c\u0105 ciep\u0142e obiady dla firm na terenie Warszawy i okolic. Obiady z dostaw\u0105 do biura.","og_url":"http:\/\/www.kreatorzysmaku.pl\/kreatorzysmaku\/catering\/lunch-dla-firm\/","og_site_name":"Kreatorzy Smaku","article_publisher":"http:\/\/pl-pl.facebook.com\/pages\/Kreatorzy-Smaku\/144377842304668","article_modified_time":"2019-03-12T17:14:55+00:00","og_image":[{"url":"http:\/\/www.kreatorzysmaku.home.pl\/kreatorzysmaku\/wp-content\/uploads\/2014\/08\/sznycelki-w-sosie-pieczeniowym-z-kopytkami-01.jpg"}],"twitter_card":"summary_large_image","twitter_site":"@KreatorzySmaku","twitter_misc":{"Szacowany czas czytania":"1 minuta"},"schema":{"@context":"https:\/\/schema.org","@graph":[{"@type":"WebSite","@id":"http:\/\/www.kreatorzysmaku.pl\/kreatorzysmaku\/#website","url":"http:\/\/www.kreatorzysmaku.pl\/kreatorzysmaku\/","name":"Kreatorzy Smaku","description":"Kreatorzy Smaku to szeroko poj\u0119ty catering, kt\u00f3ry wykreuje dla Pa\u0144stwa niepowtarzalne menu na ka\u017cd\u0105 okazj\u0119","potentialAction":[{"@type":"SearchAction","target":{"@type":"EntryPoint","urlTemplate":"http:\/\/www.kreatorzysmaku.pl\/kreatorzysmaku\/?s={search_term_string}"},"query-input":"required name=search_term_string"}],"inLanguage":"pl-PL"},{"@type":"WebPage","@id":"http:\/\/www.kreatorzysmaku.pl\/kreatorzysmaku\/catering\/lunch-dla-firm\/","url":"http:\/\/www.kreatorzysmaku.pl\/kreatorzysmaku\/catering\/lunch-dla-firm\/","name":"Lunch dla firm, obiady z dostaw\u0105 do biura, obiady firmowe","isPartOf":{"@id":"http:\/\/www.kreatorzysmaku.pl\/kreatorzysmaku\/#website"},"datePublished":"2014-05-12T17:52:01+00:00","dateModified":"2019-03-12T17:14:55+00:00","description":"Lunch dla firm. Jeste\u015bmy firm\u0105 cateringow\u0105 dostarczaj\u0105c\u0105 ciep\u0142e obiady dla firm na terenie Warszawy i okolic. Obiady z dostaw\u0105 do biura.","breadcrumb":{"@id":"http:\/\/www.kreatorzysmaku.pl\/kreatorzysmaku\/catering\/lunch-dla-firm\/#breadcrumb"},"inLanguage":"pl-PL","potentialAction":[{"@type":"ReadAction","target":["http:\/\/www.kreatorzysmaku.pl\/kreatorzysmaku\/catering\/lunch-dla-firm\/"]}]},{"@type":"BreadcrumbList","@id":"http:\/\/www.kreatorzysmaku.pl\/kreatorzysmaku\/catering\/lunch-dla-firm\/#breadcrumb","itemListElement":[{"@type":"ListItem","position":1,"name":"Strona g\u0142\u00f3wna","item":"http:\/\/www.kreatorzysmaku.pl\/kreatorzysmaku\/"},{"@type":"ListItem","position":2,"name":"Catering","item":"http:\/\/www.kreatorzysmaku.pl\/kreatorzysmaku\/catering\/"},{"@type":"ListItem","position":3,"name":"Lunch dla firm"}]}]}},"_links":{"self":[{"href":"https:\/\/www.kreatorzysmaku.pl\/kreatorzysmaku\/wp-json\/wp\/v2\/pages\/94"}],"collection":[{"href":"https:\/\/www.kreatorzysmaku.pl\/kreatorzysmaku\/wp-json\/wp\/v2\/pages"}],"about":[{"href":"https:\/\/www.kreatorzysmaku.pl\/kreatorzysmaku\/wp-json\/wp\/v2\/types\/page"}],"author":[{"embeddable":true,"href":"https:\/\/www.kreatorzysmaku.pl\/kreatorzysmaku\/wp-json\/wp\/v2\/users\/1"}],"replies":[{"embeddable":true,"href":"https:\/\/www.kreatorzysmaku.pl\/kreatorzysmaku\/wp-json\/wp\/v2\/comments?post=94"}],"version-history":[{"count":66,"href":"https:\/\/www.kreatorzysmaku.pl\/kreatorzysmaku\/wp-json\/wp\/v2\/pages\/94\/revisions"}],"predecessor-version":[{"id":15876,"href":"https:\/\/www.kreatorzysmaku.pl\/kreatorzysmaku\/wp-json\/wp\/v2\/pages\/94\/revisions\/15876"}],"up":[{"embeddable":true,"href":"https:\/\/www.kreatorzysmaku.pl\/kreatorzysmaku\/wp-json\/wp\/v2\/pages\/8"}],"wp:attachment":[{"href":"https:\/\/www.kreatorzysmaku.pl\/kreatorzysmaku\/wp-json\/wp\/v2\/media?parent=94"}],"curies":[{"name":"wp","href":"https:\/\/api.w.org\/{rel}","templated":true}]}}